{"id":1393,"date":"2025-11-19T20:24:18","date_gmt":"2025-11-19T19:24:18","guid":{"rendered":"https:\/\/visageundstyle.ch\/?page_id=1393"},"modified":"2025-11-23T16:38:49","modified_gmt":"2025-11-23T15:38:49","slug":"nails","status":"publish","type":"page","link":"https:\/\/visageundstyle.ch\/index.php\/nails\/","title":{"rendered":"Nails \u2013 Manik\u00fcre, Gel Nails &#038; Pedik\u00fcre"},"content":{"rendered":"\n<p class=\"has-mono-3-color has-text-color has-link-color wp-elements-d7eddfcb28ca4470b005c628990e4f76\" style=\"margin-top:0;margin-bottom:0\"><strong><strong>Professionelle Nagelpflege in Chur<\/strong><\/strong><\/p>\n\n\n\n<div class=\"wp-block-columns is-layout-flex wp-container-core-columns-is-layout-28f84493 wp-block-columns-is-layout-flex\">\n<div class=\"wp-block-column is-layout-flow wp-block-column-is-layout-flow\" style=\"flex-basis:100%\">\n<div class=\"wp-block-columns is-layout-flex wp-container-core-columns-is-layout-28f84493 wp-block-columns-is-layout-flex\">\n<div class=\"wp-block-column is-layout-flow wp-block-column-is-layout-flow\" style=\"flex-basis:100%\">\n<p class=\"has-mono-3-color has-text-color has-link-color wp-elements-c5b02446c30faaefd7195cbcd6530377\">Unsere H\u00e4nde begleiten uns durch jeden Tag und verraten viel \u00fcber uns \u2013 \u00fcber unseren Lebensstil, unseren Beruf und unsere Gewohnheiten.<\/p>\n<\/div>\n<\/div>\n\n\n\n<p class=\"has-mono-3-color has-text-color has-link-color wp-elements-4d9b80c5523c336cb6e4004bedfe1473\">Da sie st\u00e4ndig im Blickfeld sind und oft den ersten Eindruck pr\u00e4gen, verdienen sie besondere Aufmerksamkeit. Mit einer sorgf\u00e4ltigen und professionellen Nagelpflege wirken H\u00e4nde und F\u00fcsse nicht nur \u00e4sthetisch, sondern f\u00fchlen sich auch gepflegt und gesund an.<\/p>\n<\/div>\n<\/div>\n\n\n\n<p superb-addons-animation=\"fadeInDown\" class=\"has-text-align-center has-mono-3-color has-text-color has-link-color has-nothing-you-could-do-font-family has-superbfont-large-font-size wp-elements-04f1d91b6540d86ad34fb920a0de20ae\" style=\"padding-top:var(--wp--preset--spacing--superbspacing-small);padding-right:var(--wp--preset--spacing--superbspacing-small);padding-bottom:var(--wp--preset--spacing--superbspacing-small);padding-left:var(--wp--preset--spacing--superbspacing-small);opacity: 0;\">\u00abSch\u00f6ne, gepflegte H\u00e4nde sind mehr als ein Detail \u2013 sie hinterlassen Eindruck, unterstreichen deine Pers\u00f6nlichkeit und geben dir ein sicheres Gef\u00fchl im Alltag.\u00bb<\/p>\n\n\n\n<div class=\"wp-block-superb-addons-accordion-block has-superbfont-medium-font-size\" data-accordion-id=\"superb-accordion-92d373fc\"><div class=\"superb-accordion-header\" role=\"button\" tabindex=\"0\" aria-expanded=\"false\" aria-controls=\"superb-accordion-content-superb-accordion-92d373fc\"><h4 class=\"superb-accordion-title\"><strong>Angebote und Preise<\/strong><\/h4><span class=\"superb-accordion-icon\"><\/span><\/div><div id=\"superb-accordion-content-superb-accordion-92d373fc\" class=\"superb-accordion-content\" style=\"display:none\" aria-hidden=\"true\">\n<div class=\"wp-block-group superb-accordion-content-wrapper has-global-padding is-layout-constrained wp-block-group-is-layout-constrained\">\n<h3 class=\"wp-block-heading has-mono-3-color has-text-color has-link-color wp-elements-48cb01b552f740a091b767f1ed9edada\">Manik\u00fcre<\/h3>\n\n\n\n<hr class=\"wp-block-separator has-alpha-channel-opacity is-style-wide\"\/>\n\n\n\n<ul class=\"wp-block-list\">\n<li class=\"has-superbfont-small-font-size\"><strong>Manik\u00fcre Express<\/strong><br>N\u00e4gel in Form feilen, Lack in Nature oder Farbe, abschliessende Pflege<br>CHF 50.\u2013<\/li>\n<\/ul>\n\n\n\n<div style=\"height:16px\" aria-hidden=\"true\" class=\"wp-block-spacer\"><\/div>\n\n\n\n<h3 class=\"wp-block-heading has-mono-3-color has-text-color has-link-color wp-elements-13eec5611df5aa490b181c69667424df\">Gel Nails und Fiberglas<\/h3>\n\n\n\n<hr class=\"wp-block-separator has-alpha-channel-opacity is-style-wide\"\/>\n\n\n\n<ul class=\"wp-block-list\">\n<li class=\"has-superbfont-small-font-size\"><strong>Neumodellage Nature<\/strong><br>CHF 120.\u2013<\/li>\n\n\n\n<li class=\"has-superbfont-small-font-size\"><strong>Neumodellage French oder Fullcover<\/strong><br>CHF 130.\u2013<\/li>\n\n\n\n<li class=\"has-superbfont-small-font-size\"><strong>Naturnagelverst\u00e4rkung Nature<\/strong><br>CHF 80.\u2013<\/li>\n\n\n\n<li class=\"has-superbfont-small-font-size\"><strong>Auff\u00fcllen bis 3 Wochen (French oder Fullcover)<\/strong><br>CHF 75.\u2013<\/li>\n\n\n\n<li class=\"has-superbfont-small-font-size\"><strong>Auff\u00fcllen bis 4 Wochen (French oder Fullcover)<\/strong><br>CHF 80.\u2013<\/li>\n<\/ul>\n\n\n\n<p class=\"has-mono-3-color has-text-color has-link-color wp-elements-bd2d20860ef8b1d995d53cc6252383c0\"><strong>Nach 6 bis 7 Wochen wird eine Neumodellage verrechnet.<\/strong><\/p>\n\n\n\n<div style=\"height:16px\" aria-hidden=\"true\" class=\"wp-block-spacer\"><\/div>\n\n\n\n<h3 class=\"wp-block-heading has-mono-3-color has-text-color has-link-color wp-elements-b96171df99441820082f11f521cdf268\">Gel Lack \/ Shellac<\/h3>\n\n\n\n<hr class=\"wp-block-separator has-alpha-channel-opacity is-style-wide\"\/>\n\n\n\n<ul class=\"wp-block-list\">\n<li class=\"has-superbfont-small-font-size\"><strong>NeumGel Lack Manik\u00fcre<\/strong><br>N\u00e4gel in Form feilen, Gel Lack, abschliessende Pflege<br>CHF 55.\u2013<\/li>\n\n\n\n<li class=\"has-superbfont-small-font-size\"><strong>Gel Lack Express<\/strong><br>N\u00e4gel formen, Nagelhaut behandeln, Farbe oder French<br>CHF 50.\u2013<\/li>\n<\/ul>\n\n\n\n<p class=\"has-mono-3-color has-text-color has-link-color wp-elements-c5d05a8b69027ff5a41dc59e4711f879\"><strong>Sch\u00fclerinnen und Sch\u00fcler mit g\u00fcltigem Ausweis erhalten 10% Rabatt.<\/strong><\/p>\n\n\n\n<div style=\"height:16px\" aria-hidden=\"true\" class=\"wp-block-spacer\"><\/div>\n\n\n\n<h3 class=\"wp-block-heading has-mono-3-color has-text-color has-link-color wp-elements-bebe57541bfb9e1c364d13d759bad42e\">Reparaturen und Entfernen<\/h3>\n\n\n\n<hr class=\"wp-block-separator has-alpha-channel-opacity is-style-wide\"\/>\n\n\n\n<ul class=\"wp-block-list\">\n<li class=\"has-superbfont-small-font-size\"><strong>Reparatur eines Nagels<\/strong><br>CHF 8.\u2013<\/li>\n\n\n\n<li class=\"has-superbfont-small-font-size\"><strong>Reparatur inkl. Nailart<\/strong><br>CHF 13.\u2013<\/li>\n\n\n\n<li class=\"has-superbfont-small-font-size\"><strong>Entfernen der Modellage<\/strong><br>CHF 40.\u2013<\/li>\n<\/ul>\n\n\n\n<div style=\"height:16px\" aria-hidden=\"true\" class=\"wp-block-spacer\"><\/div>\n\n\n\n<h3 class=\"wp-block-heading has-mono-3-color has-text-color has-link-color wp-elements-aa9c71d9e778b72519525e3217280770\">Pedik\u00fcre<\/h3>\n\n\n\n<hr class=\"wp-block-separator has-alpha-channel-opacity is-style-wide\"\/>\n\n\n\n<ul class=\"wp-block-list\">\n<li class=\"has-superbfont-small-font-size\"><strong>Pedik\u00fcre Classic<\/strong><br>Fussbad, N\u00e4gel formen, Nagelhaut- und Hornhautbehandlung, <br>Nagellack, abschliessende Pflege<br>CHF 70.\u2013<\/li>\n\n\n\n<li class=\"has-superbfont-small-font-size\"><strong>Pedik\u00fcre Gel Lack<\/strong><br>Fussbad, N\u00e4gel formen, Nagelhaut- und Hornhautbehandlung, <br>Gel Lack Farbe oder French, abschliessende Pflege<br>CHF 85.\u2013<\/li>\n\n\n\n<li class=\"has-superbfont-small-font-size\"><strong>Nagellack Express<\/strong><br>Lackieren der N\u00e4gel mit Farbe<br>CHF 40.\u2013<\/li>\n<\/ul>\n\n\n\n<div style=\"height:16px\" aria-hidden=\"true\" class=\"wp-block-spacer\"><\/div>\n<\/div>\n<\/div><\/div>\n\n\n\n<div style=\"height:20px\" aria-hidden=\"true\" class=\"wp-block-spacer\"><\/div>\n\n\n\n<div class=\"wp-block-cover alignwide\" style=\"border-radius:0px;padding-top:var(--wp--preset--spacing--superbspacing-large);padding-right:var(--wp--preset--spacing--superbspacing-medium);padding-bottom:var(--wp--preset--spacing--superbspacing-large);padding-left:var(--wp--preset--spacing--superbspacing-medium);min-height:560px;aspect-ratio:unset;\"><img loading=\"lazy\" decoding=\"async\" width=\"1024\" height=\"683\" class=\"wp-block-cover__image-background wp-image-1100 size-large\" alt=\"\" src=\"https:\/\/visageundstyle.ch\/wp-content\/uploads\/2025\/11\/Visageundstyle-35_Arbeit-1024x683.jpg\" style=\"object-position:63% 55%\" data-object-fit=\"cover\" data-object-position=\"63% 55%\" srcset=\"https:\/\/visageundstyle.ch\/wp-content\/uploads\/2025\/11\/Visageundstyle-35_Arbeit-1024x683.jpg 1024w, https:\/\/visageundstyle.ch\/wp-content\/uploads\/2025\/11\/Visageundstyle-35_Arbeit-300x200.jpg 300w, https:\/\/visageundstyle.ch\/wp-content\/uploads\/2025\/11\/Visageundstyle-35_Arbeit-768x512.jpg 768w, https:\/\/visageundstyle.ch\/wp-content\/uploads\/2025\/11\/Visageundstyle-35_Arbeit-1536x1024.jpg 1536w, https:\/\/visageundstyle.ch\/wp-content\/uploads\/2025\/11\/Visageundstyle-35_Arbeit.jpg 2048w\" sizes=\"auto, (max-width: 1024px) 100vw, 1024px\" \/><span aria-hidden=\"true\" class=\"wp-block-cover__background has-background-dim\" style=\"background-color:#676767\"><\/span><div class=\"wp-block-cover__inner-container has-global-padding is-layout-constrained wp-container-core-cover-is-layout-51d8199b wp-block-cover-is-layout-constrained\">\n<div class=\"wp-block-group has-global-padding is-layout-constrained wp-container-core-group-is-layout-d1fbc4eb wp-block-group-is-layout-constrained\">\n<h2 class=\"wp-block-heading has-text-align-center has-primary-color has-text-color has-superbfont-xxlarge-font-size\">Dein Moment.<\/h2>\n\n\n\n<p class=\"has-text-align-center has-primary-color has-text-color has-inter-font-family has-superbfont-small-font-size\">Ob gepflegte N\u00e4gel f\u00fcr den Alltag oder professionelles Make-up und Styling f\u00fcr besondere Anl\u00e4sse \u2013 bei mir bist du richtig. Dar\u00fcber hinaus kannst du mich f\u00fcr Events, Fotoshootings, Hochzeiten sowie Film- und TV-Produktionen buchen.<\/p>\n<\/div>\n\n\n\n<div class=\"wp-block-group has-primary-background-color has-background has-global-padding is-layout-constrained wp-container-core-group-is-layout-84b4b76e wp-block-group-is-layout-constrained\" style=\"border-radius:0px;padding-top:var(--wp--preset--spacing--superbspacing-xsmall);padding-right:var(--wp--preset--spacing--superbspacing-small);padding-bottom:var(--wp--preset--spacing--superbspacing-xsmall);padding-left:var(--wp--preset--spacing--superbspacing-small)\">\n<div class=\"wp-block-columns are-vertically-aligned-center is-layout-flex wp-container-core-columns-is-layout-28f84493 wp-block-columns-is-layout-flex\">\n<div class=\"wp-block-column is-vertically-aligned-center is-layout-flow wp-block-column-is-layout-flow\" style=\"flex-basis:80%\">\n<h3 class=\"wp-block-heading has-text-align-left has-mono-3-color has-text-color has-nothing-you-could-do-font-family has-superbfont-medium-font-size\">Jetzt Kontakt aufnehmen.<\/h3>\n<\/div>\n\n\n\n<div class=\"wp-block-column is-vertically-aligned-center is-layout-flow wp-block-column-is-layout-flow\">\n<div class=\"wp-block-buttons is-layout-flex wp-container-core-buttons-is-layout-69f3c5ca wp-block-buttons-is-layout-flex\">\n<div class=\"wp-block-button has-custom-width wp-block-button__width-100 is-style-fill\"><a class=\"wp-block-button__link has-primary-color has-mono-2-background-color has-text-color has-background has-link-color has-superbfont-xxsmall-font-size has-custom-font-size wp-element-button\" href=\"https:\/\/visageundstyle.ch\/index.php\/kontakt\/\" style=\"border-style:none;border-width:0px;padding-top:var(--wp--preset--spacing--superbspacing-xsmall);padding-right:0;padding-bottom:var(--wp--preset--spacing--superbspacing-xsmall);padding-left:0\">Kontakt<\/a><\/div>\n<\/div>\n<\/div>\n<\/div>\n<\/div>\n<\/div><\/div>\n\n\n\n<div style=\"height:44px\" aria-hidden=\"true\" class=\"wp-block-spacer\"><\/div>\n","protected":false},"excerpt":{"rendered":"<p>Professionelle Nagelpflege in Chur Unsere H\u00e4nde begleiten uns durch jeden Tag und verraten viel \u00fcber uns \u2013 \u00fcber unseren Lebensstil, unseren Beruf und unsere Gewohnheiten. Da sie st\u00e4ndig im Blickfeld sind und oft den ersten Eindruck pr\u00e4gen, verdienen sie besondere Aufmerksamkeit. Mit einer sorgf\u00e4ltigen und professionellen Nagelpflege wirken H\u00e4nde und F\u00fcsse nicht nur \u00e4sthetisch, sondern [&hellip;]<\/p>\n","protected":false},"author":3,"featured_media":1120,"parent":0,"menu_order":2,"comment_status":"closed","ping_status":"closed","template":"","meta":{"footnotes":""},"class_list":["post-1393","page","type-page","status-publish","has-post-thumbnail","hentry"],"jetpack_sharing_enabled":true,"_links":{"self":[{"href":"https:\/\/visageundstyle.ch\/index.php\/wp-json\/wp\/v2\/pages\/1393","targetHints":{"allow":["GET"]}}],"collection":[{"href":"https:\/\/visageundstyle.ch\/index.php\/wp-json\/wp\/v2\/pages"}],"about":[{"href":"https:\/\/visageundstyle.ch\/index.php\/wp-json\/wp\/v2\/types\/page"}],"author":[{"embeddable":true,"href":"https:\/\/visageundstyle.ch\/index.php\/wp-json\/wp\/v2\/users\/3"}],"replies":[{"embeddable":true,"href":"https:\/\/visageundstyle.ch\/index.php\/wp-json\/wp\/v2\/comments?post=1393"}],"version-history":[{"count":18,"href":"https:\/\/visageundstyle.ch\/index.php\/wp-json\/wp\/v2\/pages\/1393\/revisions"}],"predecessor-version":[{"id":1467,"href":"https:\/\/visageundstyle.ch\/index.php\/wp-json\/wp\/v2\/pages\/1393\/revisions\/1467"}],"wp:featuredmedia":[{"embeddable":true,"href":"https:\/\/visageundstyle.ch\/index.php\/wp-json\/wp\/v2\/media\/1120"}],"wp:attachment":[{"href":"https:\/\/visageundstyle.ch\/index.php\/wp-json\/wp\/v2\/media?parent=1393"}],"curies":[{"name":"wp","href":"https:\/\/api.w.org\/{rel}","templated":true}]}}