{"id":1432,"date":"2025-11-19T22:07:45","date_gmt":"2025-11-19T21:07:45","guid":{"rendered":"https:\/\/visageundstyle.ch\/?page_id=1432"},"modified":"2025-11-23T19:15:19","modified_gmt":"2025-11-23T18:15:19","slug":"kontakt","status":"publish","type":"page","link":"https:\/\/visageundstyle.ch\/index.php\/kontakt\/","title":{"rendered":"Kontakt"},"content":{"rendered":"\n<p class=\"has-mono-3-color has-text-color has-link-color wp-elements-a884097747d693475a26c81a1cef3472\"><strong>Visage &amp; Style<\/strong><br>Anja Romana-Zinsli<br>7000 Chur<br><br><strong>E-Mail:<\/strong> <a href=\"mailto:anjazinsli@gmail.com\">anjazinsli@gmail.com<\/a><br><strong>Telefon:<\/strong>&nbsp;078 757 50 37<br><br>F\u00fcr Fragen, Terminvereinbarungen oder pers\u00f6nliche Anliegen stehe ich Ihnen gerne zur Verf\u00fcgung.<br>Ich freue mich \u00fcber Ihre Nachricht und melde mich so schnell wie m\u00f6glich zur\u00fcck.<br><\/p>\n\n\n\n<div style=\"height:15px\" aria-hidden=\"true\" class=\"wp-block-spacer\"><\/div>\n\n\n\n<h3 class=\"wp-block-heading has-mono-3-color has-text-color has-link-color wp-elements-6fd15abc75aaaee1440331064d92833c\">Anfragen und Termine<\/h3>\n\n\n\n<p class=\"has-mono-3-color has-text-color has-link-color wp-elements-0c1761f4d9368a111b6f9269ba3a932a\">Egal ob Make-up, Nails, Beauty-Behandlungen oder Workshops \u2013 ich berate Sie gerne pers\u00f6nlich und unverbindlich.<br>Termine k\u00f6nnen telefonisch oder per E-Mail vereinbart werden.<br><br>Bitte beachten Sie, dass Termine verbindlich sind und bei Verhinderung rechtzeitig abgesagt werden sollten.<\/p>\n\n\n\n<div style=\"height:15px\" aria-hidden=\"true\" class=\"wp-block-spacer\"><\/div>\n\n\n\n<h3 class=\"wp-block-heading has-mono-3-color has-text-color has-link-color wp-elements-1434d4c17d19d79786dfadb0a582eaab\">Standort<\/h3>\n\n\n\n<p class=\"has-mono-3-color has-text-color has-link-color wp-elements-cd5c6d3fc10685af78b6e551948c48d7\">Mein Studio befindet sich in Chur. <br>Die genaue Adresse erhalten Sie bei der Terminvereinbarung.<br><\/p>\n","protected":false},"excerpt":{"rendered":"<p>Visage &amp; StyleAnja Romana-Zinsli7000 Chur E-Mail: anjazinsli@gmail.comTelefon:&nbsp;078 757 50 37 F\u00fcr Fragen, Terminvereinbarungen oder pers\u00f6nliche Anliegen stehe ich Ihnen gerne zur Verf\u00fcgung.Ich freue mich \u00fcber Ihre Nachricht und melde mich so schnell wie m\u00f6glich zur\u00fcck. Anfragen und Termine Egal ob Make-up, Nails, Beauty-Behandlungen oder Workshops \u2013 ich berate Sie gerne pers\u00f6nlich und unverbindlich.Termine k\u00f6nnen telefonisch [&hellip;]<\/p>\n","protected":false},"author":3,"featured_media":0,"parent":0,"menu_order":0,"comment_status":"closed","ping_status":"closed","template":"","meta":{"footnotes":""},"class_list":["post-1432","page","type-page","status-publish","hentry"],"jetpack_sharing_enabled":true,"_links":{"self":[{"href":"https:\/\/visageundstyle.ch\/index.php\/wp-json\/wp\/v2\/pages\/1432","targetHints":{"allow":["GET"]}}],"collection":[{"href":"https:\/\/visageundstyle.ch\/index.php\/wp-json\/wp\/v2\/pages"}],"about":[{"href":"https:\/\/visageundstyle.ch\/index.php\/wp-json\/wp\/v2\/types\/page"}],"author":[{"embeddable":true,"href":"https:\/\/visageundstyle.ch\/index.php\/wp-json\/wp\/v2\/users\/3"}],"replies":[{"embeddable":true,"href":"https:\/\/visageundstyle.ch\/index.php\/wp-json\/wp\/v2\/comments?post=1432"}],"version-history":[{"count":11,"href":"https:\/\/visageundstyle.ch\/index.php\/wp-json\/wp\/v2\/pages\/1432\/revisions"}],"predecessor-version":[{"id":1547,"href":"https:\/\/visageundstyle.ch\/index.php\/wp-json\/wp\/v2\/pages\/1432\/revisions\/1547"}],"wp:attachment":[{"href":"https:\/\/visageundstyle.ch\/index.php\/wp-json\/wp\/v2\/media?parent=1432"}],"curies":[{"name":"wp","href":"https:\/\/api.w.org\/{rel}","templated":true}]}}